{"id":4178,"date":"2021-12-14T13:30:57","date_gmt":"2021-12-14T13:30:57","guid":{"rendered":"https:\/\/www.indemat.com\/noticias\/"},"modified":"2025-06-30T13:48:44","modified_gmt":"2025-06-30T13:48:44","slug":"noticias","status":"publish","type":"page","link":"https:\/\/www.indemat.com\/en\/noticias\/","title":{"rendered":"Noticias"},"content":{"rendered":"\t\t<div data-elementor-type=\"wp-page\" data-elementor-id=\"4178\" class=\"elementor elementor-4178 elementor-2254\">\n\t\t\t\t<div class=\"elementor-element elementor-element-e68b561 e-con-full e-flex e-con e-parent\" data-id=\"e68b561\" data-element_type=\"container\" data-settings=\"{&quot;background_background&quot;:&quot;classic&quot;}\">\n\t\t<div class=\"elementor-element elementor-element-350b622 e-con-full e-flex e-con e-child\" data-id=\"350b622\" data-element_type=\"container\" data-settings=\"{&quot;background_background&quot;:&quot;classic&quot;}\">\n\t\t\t\t<div class=\"elementor-element elementor-element-229843e elementor-mobile-align-center elementor-align-right elementor-widget elementor-widget-raven-heading\" data-id=\"229843e\" data-element_type=\"widget\" data-widget_type=\"raven-heading.default\">\n\t\t\t\t<div class=\"elementor-widget-container\">\n\t\t\t\t\t\t\t<div class=\"raven-widget-wrapper\"><h1 class=\"raven-heading raven-heading-h1\"><span class=\"raven-heading-title \">NOTICIAS<\/span><\/h1><\/div>\n\t\t\t\t\t\t<\/div>\n\t\t\t\t<\/div>\n\t\t\t\t<\/div>\n\t\t\t\t<\/div>\n\t\t<div class=\"elementor-element elementor-element-3ec5b16 e-flex e-con-boxed e-con e-parent\" data-id=\"3ec5b16\" data-element_type=\"container\">\n\t\t\t\t\t<div class=\"e-con-inner\">\n\t\t\t\t<div class=\"elementor-element elementor-element-213d091 elementor-widget elementor-widget-spacer\" data-id=\"213d091\" data-element_type=\"widget\" data-widget_type=\"spacer.default\">\n\t\t\t\t<div class=\"elementor-widget-container\">\n\t\t\t\t\t\t\t<div class=\"elementor-spacer\">\n\t\t\t<div class=\"elementor-spacer-inner\"><\/div>\n\t\t<\/div>\n\t\t\t\t\t\t<\/div>\n\t\t\t\t<\/div>\n\t\t\t\t\t<\/div>\n\t\t\t\t<\/div>\n\t\t<div class=\"elementor-element elementor-element-1a88a1b e-flex e-con-boxed e-con e-parent\" data-id=\"1a88a1b\" data-element_type=\"container\">\n\t\t\t\t\t<div class=\"e-con-inner\">\n\t\t\t\t<div class=\"elementor-element elementor-element-2e6775e elementor-widget elementor-widget-raven-posts\" data-id=\"2e6775e\" data-element_type=\"widget\" data-settings=\"{&quot;_skin&quot;:&quot;classic&quot;,&quot;classic_layout&quot;:&quot;grid&quot;,&quot;classic_columns&quot;:&quot;3&quot;,&quot;classic_columns_tablet&quot;:&quot;2&quot;,&quot;classic_columns_mobile&quot;:&quot;1&quot;,&quot;query_posts_per_page&quot;:6,&quot;query_offset&quot;:0}\" data-widget_type=\"raven-posts.classic\">\n\t\t\t\t<div class=\"elementor-widget-container\">\n\t\t\t\t\t\t\t<div class=\"raven-posts raven-grid raven-grid-3 raven-grid-mobile-1 raven-grid-mobile_extra- raven-grid-tablet-2 raven-grid-tablet_extra- raven-grid-laptop- raven-grid-widescreen-\" data-post-id=\"4178\" data-archive-query=\"\" data-lang=\"\">\n\t\t\t\t<div class=\"raven-grid-item raven-post-item post-4416 post type-post status-publish format-standard has-post-thumbnail hentry category-noticias-en\">\n\t\t\t<div class=\"raven-post\">\n\t\t\t\t\t\t<div class=\"raven-post-image-wrap\">\n\t\t\t<a class=\"raven-post-image raven-image-fit\" href=\"https:\/\/www.indemat.com\/en\/indemat-apuesta-por-la-alta-tecnologia-y-amplia-su-capacidad-con-nueva-maquina-de-corte-por-agua\/noticias-en\/\"><img fetchpriority=\"high\" decoding=\"async\" width=\"1024\" height=\"678\" src=\"https:\/\/www.indemat.com\/wp-content\/uploads\/2024\/01\/Noticias-alta-tecnologia-1024x678.jpg\" class=\"attachment-large size-large wp-image-3591\" alt=\"\" srcset=\"https:\/\/www.indemat.com\/wp-content\/uploads\/2024\/01\/Noticias-alta-tecnologia-1024x678.jpg 1024w, https:\/\/www.indemat.com\/wp-content\/uploads\/2024\/01\/Noticias-alta-tecnologia-600x397.jpg 600w, https:\/\/www.indemat.com\/wp-content\/uploads\/2024\/01\/Noticias-alta-tecnologia-300x199.jpg 300w, https:\/\/www.indemat.com\/wp-content\/uploads\/2024\/01\/Noticias-alta-tecnologia-768x509.jpg 768w, https:\/\/www.indemat.com\/wp-content\/uploads\/2024\/01\/Noticias-alta-tecnologia-1536x1017.jpg 1536w, https:\/\/www.indemat.com\/wp-content\/uploads\/2024\/01\/Noticias-alta-tecnologia.jpg 2048w\" sizes=\"(max-width: 1024px) 100vw, 1024px\" \/> <span class=\"raven-post-image-overlay\"><\/span><\/a>\t\t<\/div>\n\t\t\t\t\t\t<div class=\"raven-post-content\">\n\t\t\t\t\t<h3 class=\"raven-post-title\"><a class=\"raven-post-title-link\" href=\"https:\/\/www.indemat.com\/en\/indemat-apuesta-por-la-alta-tecnologia-y-amplia-su-capacidad-con-nueva-maquina-de-corte-por-agua\/noticias-en\/\">Indemat is betting on high technology and expanding its capacity with a new water cutting machine<\/a><\/h3>\t\t<div class=\"raven-post-meta\"><a class=\"raven-post-meta-item raven-post-date\" href=\"https:\/\/www.indemat.com\/en\/2024\/01\/\" rel=\"bookmark\">31 de January de 2024<\/a>\n<span class=\"raven-post-meta-divider\">\/<\/span>\n<a class=\"raven-post-meta-item raven-post-author\" href=\"https:\/\/www.indemat.com\/en\/author\/tooolssl\/\">tooolssl<\/a>\n<span class=\"raven-post-meta-divider\">\/<\/span>\n<span class=\"raven-post-meta-item raven-post-categories\"><a href=\"https:\/\/www.indemat.com\/en\/category\/noticias-en\/\" rel=\"tag\">News<\/a><\/span>\n<span class=\"raven-post-meta-divider\">\/<\/span>\n<a class=\"raven-post-meta-item raven-post-comments\" href=\"https:\/\/www.indemat.com\/en\/indemat-apuesta-por-la-alta-tecnologia-y-amplia-su-capacidad-con-nueva-maquina-de-corte-por-agua\/noticias-en\/#comments\" rel=\"bookmark\">No Comments<\/a><\/div>\n\t\t<div class=\"raven-post-excerpt\">Indemat has recently incorporated a new Omax water cutting machine, which allows cutting in 5 axes, fully programmable. It has the capability to process 3D files such as Solidworks, Catia,<\/div>\t\t<div class=\"raven-post-read-more\">\n\t\t\t<a class=\"raven-post-button\" href=\"https:\/\/www.indemat.com\/en\/indemat-apuesta-por-la-alta-tecnologia-y-amplia-su-capacidad-con-nueva-maquina-de-corte-por-agua\/noticias-en\/\"><span class=\"raven-post-button-text\">Read More<\/span><\/a>\n\t\t<\/div>\n\t\t\t\t\t\t<\/div>\n\t\t\t<\/div>\n\t\t<\/div>\n\t\t\t\t<div class=\"raven-grid-item raven-post-item post-4417 post type-post status-publish format-standard has-post-thumbnail hentry category-noticias-en\">\n\t\t\t<div class=\"raven-post\">\n\t\t\t\t\t\t<div class=\"raven-post-image-wrap\">\n\t\t\t<a class=\"raven-post-image raven-image-fit\" href=\"https:\/\/www.indemat.com\/en\/indemat-logra-el-sello-de-pyme-innovadora-hasta-2022\/noticias-en\/\"><img decoding=\"async\" width=\"703\" height=\"915\" src=\"https:\/\/www.indemat.com\/wp-content\/uploads\/2024\/01\/Noticia-Pyme.png\" class=\"attachment-large size-large wp-image-3587\" alt=\"\" srcset=\"https:\/\/www.indemat.com\/wp-content\/uploads\/2024\/01\/Noticia-Pyme.png 703w, https:\/\/www.indemat.com\/wp-content\/uploads\/2024\/01\/Noticia-Pyme-600x781.png 600w, https:\/\/www.indemat.com\/wp-content\/uploads\/2024\/01\/Noticia-Pyme-230x300.png 230w\" sizes=\"(max-width: 703px) 100vw, 703px\" \/> <span class=\"raven-post-image-overlay\"><\/span><\/a>\t\t<\/div>\n\t\t\t\t\t\t<div class=\"raven-post-content\">\n\t\t\t\t\t<h3 class=\"raven-post-title\"><a class=\"raven-post-title-link\" href=\"https:\/\/www.indemat.com\/en\/indemat-logra-el-sello-de-pyme-innovadora-hasta-2022\/noticias-en\/\">Indemat achieves the &#8216;Innovative SME&#8217; seal until 2022<\/a><\/h3>\t\t<div class=\"raven-post-meta\"><a class=\"raven-post-meta-item raven-post-date\" href=\"https:\/\/www.indemat.com\/en\/2024\/01\/\" rel=\"bookmark\">31 de January de 2024<\/a>\n<span class=\"raven-post-meta-divider\">\/<\/span>\n<a class=\"raven-post-meta-item raven-post-author\" href=\"https:\/\/www.indemat.com\/en\/author\/tooolssl\/\">tooolssl<\/a>\n<span class=\"raven-post-meta-divider\">\/<\/span>\n<span class=\"raven-post-meta-item raven-post-categories\"><a href=\"https:\/\/www.indemat.com\/en\/category\/noticias-en\/\" rel=\"tag\">News<\/a><\/span>\n<span class=\"raven-post-meta-divider\">\/<\/span>\n<a class=\"raven-post-meta-item raven-post-comments\" href=\"https:\/\/www.indemat.com\/en\/indemat-logra-el-sello-de-pyme-innovadora-hasta-2022\/noticias-en\/#comments\" rel=\"bookmark\">No Comments<\/a><\/div>\n\t\t<div class=\"raven-post-excerpt\">The Ministry of Economy, Industry, and Competitiveness (Mineco) has granted the &#8216;Innovative SME&#8217; seal to the company Indemat S.L. (Research and Development of Technological Materials). INDEMAT, a company specialized in<\/div>\t\t<div class=\"raven-post-read-more\">\n\t\t\t<a class=\"raven-post-button\" href=\"https:\/\/www.indemat.com\/en\/indemat-logra-el-sello-de-pyme-innovadora-hasta-2022\/noticias-en\/\"><span class=\"raven-post-button-text\">Read More<\/span><\/a>\n\t\t<\/div>\n\t\t\t\t\t\t<\/div>\n\t\t\t<\/div>\n\t\t<\/div>\n\t\t\t\t<div class=\"raven-grid-item raven-post-item post-4418 post type-post status-publish format-standard has-post-thumbnail hentry category-noticias-en\">\n\t\t\t<div class=\"raven-post\">\n\t\t\t\t\t\t<div class=\"raven-post-image-wrap\">\n\t\t\t<a class=\"raven-post-image raven-image-fit\" href=\"https:\/\/www.indemat.com\/en\/indemat-renueva-la-inscripcion-de-su-huella-de-carbono\/noticias-en\/\"><img decoding=\"async\" width=\"717\" height=\"1024\" src=\"https:\/\/www.indemat.com\/wp-content\/uploads\/2024\/01\/Noticia-huella-de-carbono-717x1024.png\" class=\"attachment-large size-large wp-image-3581\" alt=\"\" srcset=\"https:\/\/www.indemat.com\/wp-content\/uploads\/2024\/01\/Noticia-huella-de-carbono-717x1024.png 717w, https:\/\/www.indemat.com\/wp-content\/uploads\/2024\/01\/Noticia-huella-de-carbono-600x857.png 600w, https:\/\/www.indemat.com\/wp-content\/uploads\/2024\/01\/Noticia-huella-de-carbono-210x300.png 210w, https:\/\/www.indemat.com\/wp-content\/uploads\/2024\/01\/Noticia-huella-de-carbono-768x1097.png 768w, https:\/\/www.indemat.com\/wp-content\/uploads\/2024\/01\/Noticia-huella-de-carbono-1076x1536.png 1076w, https:\/\/www.indemat.com\/wp-content\/uploads\/2024\/01\/Noticia-huella-de-carbono-1434x2048.png 1434w, https:\/\/www.indemat.com\/wp-content\/uploads\/2024\/01\/Noticia-huella-de-carbono.png 1638w\" sizes=\"(max-width: 717px) 100vw, 717px\" \/> <span class=\"raven-post-image-overlay\"><\/span><\/a>\t\t<\/div>\n\t\t\t\t\t\t<div class=\"raven-post-content\">\n\t\t\t\t\t<h3 class=\"raven-post-title\"><a class=\"raven-post-title-link\" href=\"https:\/\/www.indemat.com\/en\/indemat-renueva-la-inscripcion-de-su-huella-de-carbono\/noticias-en\/\">Indemat renews the registration of its carbon footprint<\/a><\/h3>\t\t<div class=\"raven-post-meta\"><a class=\"raven-post-meta-item raven-post-date\" href=\"https:\/\/www.indemat.com\/en\/2024\/01\/\" rel=\"bookmark\">31 de January de 2024<\/a>\n<span class=\"raven-post-meta-divider\">\/<\/span>\n<a class=\"raven-post-meta-item raven-post-author\" href=\"https:\/\/www.indemat.com\/en\/author\/tooolssl\/\">tooolssl<\/a>\n<span class=\"raven-post-meta-divider\">\/<\/span>\n<span class=\"raven-post-meta-item raven-post-categories\"><a href=\"https:\/\/www.indemat.com\/en\/category\/noticias-en\/\" rel=\"tag\">News<\/a><\/span>\n<span class=\"raven-post-meta-divider\">\/<\/span>\n<a class=\"raven-post-meta-item raven-post-comments\" href=\"https:\/\/www.indemat.com\/en\/indemat-renueva-la-inscripcion-de-su-huella-de-carbono\/noticias-en\/#comments\" rel=\"bookmark\">No Comments<\/a><\/div>\n\t\t<div class=\"raven-post-excerpt\">Indemat obtains the &#8216;Calculation&#8217; Seal from the Ministry for the Ecological Transition by registering its carbon footprint with the Spanish Office of Climate Change. Indemat S.L., the research and development<\/div>\t\t<div class=\"raven-post-read-more\">\n\t\t\t<a class=\"raven-post-button\" href=\"https:\/\/www.indemat.com\/en\/indemat-renueva-la-inscripcion-de-su-huella-de-carbono\/noticias-en\/\"><span class=\"raven-post-button-text\">Read More<\/span><\/a>\n\t\t<\/div>\n\t\t\t\t\t\t<\/div>\n\t\t\t<\/div>\n\t\t<\/div>\n\t\t\t\t<div class=\"raven-grid-item raven-post-item post-4419 post type-post status-publish format-standard has-post-thumbnail hentry category-noticias-en\">\n\t\t\t<div class=\"raven-post\">\n\t\t\t\t\t\t<div class=\"raven-post-image-wrap\">\n\t\t\t<a class=\"raven-post-image raven-image-fit\" href=\"https:\/\/www.indemat.com\/en\/la-violencia-de-genero-puede-y-debe-prevenirse\/noticias-en\/\"><img loading=\"lazy\" decoding=\"async\" width=\"991\" height=\"615\" src=\"https:\/\/www.indemat.com\/wp-content\/uploads\/2024\/01\/Noticia-violencia-de-genero.jpg\" class=\"attachment-large size-large wp-image-3555\" alt=\"\" srcset=\"https:\/\/www.indemat.com\/wp-content\/uploads\/2024\/01\/Noticia-violencia-de-genero.jpg 991w, https:\/\/www.indemat.com\/wp-content\/uploads\/2024\/01\/Noticia-violencia-de-genero-600x372.jpg 600w, https:\/\/www.indemat.com\/wp-content\/uploads\/2024\/01\/Noticia-violencia-de-genero-300x186.jpg 300w, https:\/\/www.indemat.com\/wp-content\/uploads\/2024\/01\/Noticia-violencia-de-genero-768x477.jpg 768w\" sizes=\"(max-width: 991px) 100vw, 991px\" \/> <span class=\"raven-post-image-overlay\"><\/span><\/a>\t\t<\/div>\n\t\t\t\t\t\t<div class=\"raven-post-content\">\n\t\t\t\t\t<h3 class=\"raven-post-title\"><a class=\"raven-post-title-link\" href=\"https:\/\/www.indemat.com\/en\/la-violencia-de-genero-puede-y-debe-prevenirse\/noticias-en\/\">Gender-based violence can and should be prevented<\/a><\/h3>\t\t<div class=\"raven-post-meta\"><a class=\"raven-post-meta-item raven-post-date\" href=\"https:\/\/www.indemat.com\/en\/2021\/12\/\" rel=\"bookmark\">14 de December de 2021<\/a>\n<span class=\"raven-post-meta-divider\">\/<\/span>\n<a class=\"raven-post-meta-item raven-post-author\" href=\"https:\/\/www.indemat.com\/en\/author\/tooolssl\/\">tooolssl<\/a>\n<span class=\"raven-post-meta-divider\">\/<\/span>\n<span class=\"raven-post-meta-item raven-post-categories\"><a href=\"https:\/\/www.indemat.com\/en\/category\/noticias-en\/\" rel=\"tag\">News<\/a><\/span>\n<span class=\"raven-post-meta-divider\">\/<\/span>\n<a class=\"raven-post-meta-item raven-post-comments\" href=\"https:\/\/www.indemat.com\/en\/la-violencia-de-genero-puede-y-debe-prevenirse\/noticias-en\/#comments\" rel=\"bookmark\">No Comments<\/a><\/div>\n\t\t<div class=\"raven-post-excerpt\">Gender-based violence is a serious social problem that affects millions of women worldwide. It is crucial to recognize that prevention is fundamental, and we all must play an active role<\/div>\t\t<div class=\"raven-post-read-more\">\n\t\t\t<a class=\"raven-post-button\" href=\"https:\/\/www.indemat.com\/en\/la-violencia-de-genero-puede-y-debe-prevenirse\/noticias-en\/\"><span class=\"raven-post-button-text\">Read More<\/span><\/a>\n\t\t<\/div>\n\t\t\t\t\t\t<\/div>\n\t\t\t<\/div>\n\t\t<\/div>\n\t\t\t\t<\/div>\n\t\t\t\t\t\t<\/div>\n\t\t\t\t<\/div>\n\t\t\t\t\t<\/div>\n\t\t\t\t<\/div>\n\t\t\t\t<\/div>\n\t\t","protected":false},"excerpt":{"rendered":"<p>NOTICIAS INDEMAT AMPL\u00cdA SUS INSTALACIONES EN VILLAVAQUER\u00cdN 28 de noviembre de 2024 \/ Alexandra Nu\u00f1ez \/ Sin categorizar \/ No hay comentarios Queremos expresar nuestro m\u00e1s sincero agradecimiento a los fondos FEDER por su valiosa financiaci\u00f3n, que ha sido fundamental para la ampliaci\u00f3n de nuestras instalaciones. Este apoyo no solo refuerza nuestra Read More Indemat [&hellip;]<\/p>\n","protected":false},"author":1,"featured_media":1802,"parent":0,"menu_order":0,"comment_status":"closed","ping_status":"closed","template":"elementor_header_footer","meta":{"_acf_changed":false,"footnotes":""},"folder":[58],"class_list":["post-4178","page","type-page","status-publish","has-post-thumbnail","hentry"],"acf":[],"yoast_head":"<!-- This site is optimized with the Yoast SEO plugin v26.6 - https:\/\/yoast.com\/wordpress\/plugins\/seo\/ -->\n<title>Noticias<\/title>\n<meta name=\"description\" content=\"Descubre las \u00faltima noticias Indemat, nuevos productos, nuevos proyectos y nueva tecnolog\u00eda desarrollada por nuestro equipo\" \/>\n<meta name=\"robots\" content=\"index, follow, max-snippet:-1, max-image-preview:large, max-video-preview:-1\" \/>\n<link rel=\"canonical\" href=\"https:\/\/www.indemat.com\/en\/noticias\/\" \/>\n<meta property=\"og:locale\" content=\"en_US\" \/>\n<meta property=\"og:type\" content=\"article\" \/>\n<meta property=\"og:title\" content=\"Noticias\" \/>\n<meta property=\"og:description\" content=\"Descubre las \u00faltima noticias Indemat, nuevos productos, nuevos proyectos y nueva tecnolog\u00eda desarrollada por nuestro equipo\" \/>\n<meta property=\"og:url\" content=\"https:\/\/www.indemat.com\/en\/noticias\/\" \/>\n<meta property=\"og:site_name\" content=\"Indemat\" \/>\n<meta property=\"article:modified_time\" content=\"2025-06-30T13:48:44+00:00\" \/>\n<meta property=\"og:image\" content=\"https:\/\/www.indemat.com\/wp-content\/uploads\/2021\/12\/Marta-Crespo-2-1.jpg\" \/>\n\t<meta property=\"og:image:width\" content=\"2048\" \/>\n\t<meta property=\"og:image:height\" content=\"1356\" \/>\n\t<meta property=\"og:image:type\" content=\"image\/jpeg\" \/>\n<meta name=\"twitter:card\" content=\"summary_large_image\" \/>\n<meta name=\"twitter:label1\" content=\"Est. reading time\" \/>\n\t<meta name=\"twitter:data1\" content=\"2 minutes\" \/>\n<script type=\"application\/ld+json\" class=\"yoast-schema-graph\">{\"@context\":\"https:\/\/schema.org\",\"@graph\":[{\"@type\":\"WebPage\",\"@id\":\"https:\/\/www.indemat.com\/en\/noticias\/\",\"url\":\"https:\/\/www.indemat.com\/en\/noticias\/\",\"name\":\"Noticias\",\"isPartOf\":{\"@id\":\"https:\/\/www.indemat.com\/#website\"},\"primaryImageOfPage\":{\"@id\":\"https:\/\/www.indemat.com\/en\/noticias\/#primaryimage\"},\"image\":{\"@id\":\"https:\/\/www.indemat.com\/en\/noticias\/#primaryimage\"},\"thumbnailUrl\":\"https:\/\/www.indemat.com\/wp-content\/uploads\/2021\/12\/Marta-Crespo-2-1.jpg\",\"datePublished\":\"2021-12-14T13:30:57+00:00\",\"dateModified\":\"2025-06-30T13:48:44+00:00\",\"description\":\"Descubre las \u00faltima noticias Indemat, nuevos productos, nuevos proyectos y nueva tecnolog\u00eda desarrollada por nuestro equipo\",\"breadcrumb\":{\"@id\":\"https:\/\/www.indemat.com\/en\/noticias\/#breadcrumb\"},\"inLanguage\":\"en-US\",\"potentialAction\":[{\"@type\":\"ReadAction\",\"target\":[\"https:\/\/www.indemat.com\/en\/noticias\/\"]}]},{\"@type\":\"ImageObject\",\"inLanguage\":\"en-US\",\"@id\":\"https:\/\/www.indemat.com\/en\/noticias\/#primaryimage\",\"url\":\"https:\/\/www.indemat.com\/wp-content\/uploads\/2021\/12\/Marta-Crespo-2-1.jpg\",\"contentUrl\":\"https:\/\/www.indemat.com\/wp-content\/uploads\/2021\/12\/Marta-Crespo-2-1.jpg\",\"width\":2048,\"height\":1356,\"caption\":\"Indemat- Investigaci\u00f3n y desarrollo de materiales tecnol\u00f3gicos\"},{\"@type\":\"BreadcrumbList\",\"@id\":\"https:\/\/www.indemat.com\/en\/noticias\/#breadcrumb\",\"itemListElement\":[{\"@type\":\"ListItem\",\"position\":1,\"name\":\"Portada\",\"item\":\"https:\/\/www.indemat.com\/en\/\"},{\"@type\":\"ListItem\",\"position\":2,\"name\":\"Noticias\"}]},{\"@type\":\"WebSite\",\"@id\":\"https:\/\/www.indemat.com\/#website\",\"url\":\"https:\/\/www.indemat.com\/\",\"name\":\"Indemat\",\"description\":\"Investigaci\u00f3n y desarrollo de materiales tecnol\u00f3gicos\",\"publisher\":{\"@id\":\"https:\/\/www.indemat.com\/#organization\"},\"potentialAction\":[{\"@type\":\"SearchAction\",\"target\":{\"@type\":\"EntryPoint\",\"urlTemplate\":\"https:\/\/www.indemat.com\/?s={search_term_string}\"},\"query-input\":{\"@type\":\"PropertyValueSpecification\",\"valueRequired\":true,\"valueName\":\"search_term_string\"}}],\"inLanguage\":\"en-US\"},{\"@type\":\"Organization\",\"@id\":\"https:\/\/www.indemat.com\/#organization\",\"name\":\"Indemat\",\"url\":\"https:\/\/www.indemat.com\/\",\"logo\":{\"@type\":\"ImageObject\",\"inLanguage\":\"en-US\",\"@id\":\"https:\/\/www.indemat.com\/#\/schema\/logo\/image\/\",\"url\":\"https:\/\/www.indemat.com\/wp-content\/uploads\/2021\/06\/Logo-web_Mesa-de-trabajo-1.png\",\"contentUrl\":\"https:\/\/www.indemat.com\/wp-content\/uploads\/2021\/06\/Logo-web_Mesa-de-trabajo-1.png\",\"width\":933,\"height\":254,\"caption\":\"Indemat\"},\"image\":{\"@id\":\"https:\/\/www.indemat.com\/#\/schema\/logo\/image\/\"},\"sameAs\":[\"https:\/\/www.instagram.com\/indematsl\/?hl=es\",\"https:\/\/www.linkedin.com\/company\/indemat\/\"]}]}<\/script>\n<!-- \/ Yoast SEO plugin. -->","yoast_head_json":{"title":"Noticias","description":"Descubre las \u00faltima noticias Indemat, nuevos productos, nuevos proyectos y nueva tecnolog\u00eda desarrollada por nuestro equipo","robots":{"index":"index","follow":"follow","max-snippet":"max-snippet:-1","max-image-preview":"max-image-preview:large","max-video-preview":"max-video-preview:-1"},"canonical":"https:\/\/www.indemat.com\/en\/noticias\/","og_locale":"en_US","og_type":"article","og_title":"Noticias","og_description":"Descubre las \u00faltima noticias Indemat, nuevos productos, nuevos proyectos y nueva tecnolog\u00eda desarrollada por nuestro equipo","og_url":"https:\/\/www.indemat.com\/en\/noticias\/","og_site_name":"Indemat","article_modified_time":"2025-06-30T13:48:44+00:00","og_image":[{"width":2048,"height":1356,"url":"https:\/\/www.indemat.com\/wp-content\/uploads\/2021\/12\/Marta-Crespo-2-1.jpg","type":"image\/jpeg"}],"twitter_card":"summary_large_image","twitter_misc":{"Est. reading time":"2 minutes"},"schema":{"@context":"https:\/\/schema.org","@graph":[{"@type":"WebPage","@id":"https:\/\/www.indemat.com\/en\/noticias\/","url":"https:\/\/www.indemat.com\/en\/noticias\/","name":"Noticias","isPartOf":{"@id":"https:\/\/www.indemat.com\/#website"},"primaryImageOfPage":{"@id":"https:\/\/www.indemat.com\/en\/noticias\/#primaryimage"},"image":{"@id":"https:\/\/www.indemat.com\/en\/noticias\/#primaryimage"},"thumbnailUrl":"https:\/\/www.indemat.com\/wp-content\/uploads\/2021\/12\/Marta-Crespo-2-1.jpg","datePublished":"2021-12-14T13:30:57+00:00","dateModified":"2025-06-30T13:48:44+00:00","description":"Descubre las \u00faltima noticias Indemat, nuevos productos, nuevos proyectos y nueva tecnolog\u00eda desarrollada por nuestro equipo","breadcrumb":{"@id":"https:\/\/www.indemat.com\/en\/noticias\/#breadcrumb"},"inLanguage":"en-US","potentialAction":[{"@type":"ReadAction","target":["https:\/\/www.indemat.com\/en\/noticias\/"]}]},{"@type":"ImageObject","inLanguage":"en-US","@id":"https:\/\/www.indemat.com\/en\/noticias\/#primaryimage","url":"https:\/\/www.indemat.com\/wp-content\/uploads\/2021\/12\/Marta-Crespo-2-1.jpg","contentUrl":"https:\/\/www.indemat.com\/wp-content\/uploads\/2021\/12\/Marta-Crespo-2-1.jpg","width":2048,"height":1356,"caption":"Indemat- Investigaci\u00f3n y desarrollo de materiales tecnol\u00f3gicos"},{"@type":"BreadcrumbList","@id":"https:\/\/www.indemat.com\/en\/noticias\/#breadcrumb","itemListElement":[{"@type":"ListItem","position":1,"name":"Portada","item":"https:\/\/www.indemat.com\/en\/"},{"@type":"ListItem","position":2,"name":"Noticias"}]},{"@type":"WebSite","@id":"https:\/\/www.indemat.com\/#website","url":"https:\/\/www.indemat.com\/","name":"Indemat","description":"Investigaci\u00f3n y desarrollo de materiales tecnol\u00f3gicos","publisher":{"@id":"https:\/\/www.indemat.com\/#organization"},"potentialAction":[{"@type":"SearchAction","target":{"@type":"EntryPoint","urlTemplate":"https:\/\/www.indemat.com\/?s={search_term_string}"},"query-input":{"@type":"PropertyValueSpecification","valueRequired":true,"valueName":"search_term_string"}}],"inLanguage":"en-US"},{"@type":"Organization","@id":"https:\/\/www.indemat.com\/#organization","name":"Indemat","url":"https:\/\/www.indemat.com\/","logo":{"@type":"ImageObject","inLanguage":"en-US","@id":"https:\/\/www.indemat.com\/#\/schema\/logo\/image\/","url":"https:\/\/www.indemat.com\/wp-content\/uploads\/2021\/06\/Logo-web_Mesa-de-trabajo-1.png","contentUrl":"https:\/\/www.indemat.com\/wp-content\/uploads\/2021\/06\/Logo-web_Mesa-de-trabajo-1.png","width":933,"height":254,"caption":"Indemat"},"image":{"@id":"https:\/\/www.indemat.com\/#\/schema\/logo\/image\/"},"sameAs":["https:\/\/www.instagram.com\/indematsl\/?hl=es","https:\/\/www.linkedin.com\/company\/indemat\/"]}]}},"_links":{"self":[{"href":"https:\/\/www.indemat.com\/en\/wp-json\/wp\/v2\/pages\/4178","targetHints":{"allow":["GET"]}}],"collection":[{"href":"https:\/\/www.indemat.com\/en\/wp-json\/wp\/v2\/pages"}],"about":[{"href":"https:\/\/www.indemat.com\/en\/wp-json\/wp\/v2\/types\/page"}],"author":[{"embeddable":true,"href":"https:\/\/www.indemat.com\/en\/wp-json\/wp\/v2\/users\/1"}],"replies":[{"embeddable":true,"href":"https:\/\/www.indemat.com\/en\/wp-json\/wp\/v2\/comments?post=4178"}],"version-history":[{"count":6,"href":"https:\/\/www.indemat.com\/en\/wp-json\/wp\/v2\/pages\/4178\/revisions"}],"predecessor-version":[{"id":5854,"href":"https:\/\/www.indemat.com\/en\/wp-json\/wp\/v2\/pages\/4178\/revisions\/5854"}],"wp:featuredmedia":[{"embeddable":true,"href":"https:\/\/www.indemat.com\/en\/wp-json\/wp\/v2\/media\/1802"}],"wp:attachment":[{"href":"https:\/\/www.indemat.com\/en\/wp-json\/wp\/v2\/media?parent=4178"}],"wp:term":[{"taxonomy":"folder","embeddable":true,"href":"https:\/\/www.indemat.com\/en\/wp-json\/wp\/v2\/folder?post=4178"}],"curies":[{"name":"wp","href":"https:\/\/api.w.org\/{rel}","templated":true}]}}